{"id":71,"date":"2018-07-05T07:00:04","date_gmt":"2018-07-05T07:00:04","guid":{"rendered":"https:\/\/gesducon.es\/?page_id=71"},"modified":"2018-07-13T11:47:54","modified_gmt":"2018-07-13T11:47:54","slug":"gestion-de-la-calidad-en-el-servicio","status":"publish","type":"page","link":"https:\/\/gesducon.es\/index.php\/conoce-gesducon\/gestion-de-la-calidad-en-el-servicio\/","title":{"rendered":"Gesti\u00f3n de la calidad en el servicio"},"content":{"rendered":"<p>Gesducon del\u00a0<a href=\"http:\/\/www.urbegi.com\" target=\"_blank\" rel=\"noopener\">Grupo Urbegi,<\/a> asume el compromiso de ofrecer un\u00a0servicio de alta calidad. Para cumplir este compromiso\u00a0se ha\u00a0fijado establecer\u00a0 la presente pol\u00edtica medioambiental, de seguridad y de salud en el trabajo como \u00a0marco de referencia \u00a0para su Sistema de Gestion (SG), definido seg\u00fan la norma <strong>UNE-EN \u00a0ISO 14001:2015<\/strong> y\u00a0la especificaci\u00f3n t\u00e9cnica <strong>OHSAS 18001:2007<\/strong> as\u00ed como\u00a0la I<strong>SO\/DIS 45001.2<\/strong>.<\/p>\n<p>La misma se concreta en los siguientes compromisos:<\/p>\n<ul>\n<li>Establecer procesos de trabajo respetuosos con el medio ambiente y con la seguridad y salud en el trabajo.<\/li>\n<li>Asumir el compromiso de cumplir los requisitos legales y reglamentarios aplicables.<\/li>\n<li>Comunicar la presente pol\u00edtica.<\/li>\n<li>Establecer un programa de objetivos y metas orientados a la mejora del desempe\u00f1o ambiental y de SST.<\/li>\n<li>Capacitar de forma continua a todo nuestro personal para un mejor desempe\u00f1o de los procesos, fomentando la consulta y participaci\u00f3n del mismo.<\/li>\n<\/ul>\n","protected":false},"excerpt":{"rendered":"<p>Gesducon del\u00a0Grupo Urbegi, asume el compromiso de ofrecer un\u00a0servicio de alta calidad. Para cumplir este compromiso\u00a0se ha\u00a0fijado establecer\u00a0 la presente pol\u00edtica medioambiental, de seguridad y de salud en el trabajo como \u00a0marco de referencia \u00a0para su Sistema de Gestion (SG), definido seg\u00fan la norma UNE-EN \u00a0ISO 14001:2015 y\u00a0la especificaci\u00f3n t\u00e9cnica OHSAS 18001:2007 as\u00ed como\u00a0la ISO\/DIS &hellip; <\/p>\n","protected":false},"author":1,"featured_media":370,"parent":204,"menu_order":2,"comment_status":"closed","ping_status":"closed","template":"","meta":{"jetpack_post_was_ever_published":false,"footnotes":""},"jetpack_sharing_enabled":false,"jetpack_shortlink":"https:\/\/wp.me\/Pa393r-19","_links":{"self":[{"href":"https:\/\/gesducon.es\/index.php\/wp-json\/wp\/v2\/pages\/71"}],"collection":[{"href":"https:\/\/gesducon.es\/index.php\/wp-json\/wp\/v2\/pages"}],"about":[{"href":"https:\/\/gesducon.es\/index.php\/wp-json\/wp\/v2\/types\/page"}],"author":[{"embeddable":true,"href":"https:\/\/gesducon.es\/index.php\/wp-json\/wp\/v2\/users\/1"}],"replies":[{"embeddable":true,"href":"https:\/\/gesducon.es\/index.php\/wp-json\/wp\/v2\/comments?post=71"}],"version-history":[{"count":3,"href":"https:\/\/gesducon.es\/index.php\/wp-json\/wp\/v2\/pages\/71\/revisions"}],"predecessor-version":[{"id":371,"href":"https:\/\/gesducon.es\/index.php\/wp-json\/wp\/v2\/pages\/71\/revisions\/371"}],"up":[{"embeddable":true,"href":"https:\/\/gesducon.es\/index.php\/wp-json\/wp\/v2\/pages\/204"}],"wp:featuredmedia":[{"embeddable":true,"href":"https:\/\/gesducon.es\/index.php\/wp-json\/wp\/v2\/media\/370"}],"wp:attachment":[{"href":"https:\/\/gesducon.es\/index.php\/wp-json\/wp\/v2\/media?parent=71"}],"curies":[{"name":"wp","href":"https:\/\/api.w.org\/{rel}","templated":true}]}}