{"id":69,"date":"2018-07-05T06:59:37","date_gmt":"2018-07-05T06:59:37","guid":{"rendered":"https:\/\/gesducon.es\/?page_id=69"},"modified":"2018-07-13T11:28:45","modified_gmt":"2018-07-13T11:28:45","slug":"destruccion-confidencial-certificada-en-soporte-papel","status":"publish","type":"page","link":"https:\/\/gesducon.es\/index.php\/servicios\/destruccion-confidencial-certificada-en-soporte-papel\/","title":{"rendered":"Destrucci\u00f3n Confidencial Certificada en soporte papel"},"content":{"rendered":"<p>En Gesducon hacemos que lo complejo sea simple. Nos ocupamos de garantizar la mayor seguridad para sus documentos confidenciales, sin molestias, para que se despreocupe de que los datos puedan ser utilizados indebidamente.<br \/>\nEl proceso es muy sencillo:<\/p>\n<h3>Proceso<\/h3>\n<p><strong>1- Acuerdo del servicio<\/strong><\/p>\n<p>En Gesducon damos un tratamiento personalizado a cada empresa. Le asesoramos con la mejor soluci\u00f3n de acuerdo a sus necesidades y caracter\u00edsticas. Adecuamos el servicio a sus preferencias y necesidades.<\/p>\n<p><strong>2- Contenedores seguros en sus instalaciones<\/strong><\/p>\n<p>Para el almacenamiento de los documentos dentro de su empresa nosotros proporcionamos los contenedores con llave\u00a0de seguridad donde almacenar el material a destruir. Nadie puede acceder a la documentaci\u00f3n depositada en los contenedores de seguridad, excepto con una autorizaci\u00f3n expresa.<\/p>\n<p><strong>3- La recogida<\/strong><\/p>\n<p>Las recogidas de los contenedores o enseres son acordadas con usted, y nuestro personal, debidamente acreditado, realiza las tareas de retirada y recogida. Todo el proceso es controlado para que nadie \u2014si siquiera los operarios\u2014, puedan acceder al interior de los contenedores de seguridad.<\/p>\n<p><strong>4- El transporte<\/strong><\/p>\n<p>Gesducon dispone de una importante flota de veh\u00edculos con los que dar un servicio de excelencia a todos sus clientes en el Norte de Espa\u00f1a. Son veh\u00edculos especiales equipados con medidas de seguridad que evitan el robo, la p\u00e9rdida o accesos no autorizados a los documentos.<\/p>\n<p>Una vez los contenedores llegan a la planta de destrucci\u00f3n de Gesducon, varias c\u00e1maras de grabaci\u00f3n certifican que todo el proceso est\u00e1 de acuerdo a la norma de seguridad\u00a0UNE 15713.<\/p>\n<p><strong>5- La destrucci\u00f3n certificada<\/strong><\/p>\n<p>Garantizamos la irrecuperabilidad de los documentos destru\u00eddos.\u00a0La planta de destrucci\u00f3n se encuentra en un recinto cerrado con acceso restringido, en el que una c\u00e1mara registra todas las operaciones y movimientos realizados hasta la total destrucci\u00f3n: descarga de contenedores, apertura y alimentaci\u00f3n en la tolva, alimentaci\u00f3n de la l\u00ednea destructora, recogida de los fardos finales de material triturado seg\u00fan norma UNE 15713.<\/p>\n<p>Si lo desea, un representante de su empresa pueda auditar la destrucci\u00f3n desde las salas de visualizaci\u00f3n, o solicitando los v\u00eddeos grabados sobre la destrucci\u00f3n de sus documentos.<\/p>\n<p><strong>6- Recuperaci\u00f3n y reciclaje<\/strong><\/p>\n<p>En Gesducon nos preocupa especialmente la salvaguarda del medioambiente, por eso estamos certificados en la norma\u00a0<strong>UNE-EN ISO 14001:2015<\/strong> y recuperamos el material de los documentos destruidos despu\u00e9s de ser separados (metal, papel, pl\u00e1sticos\u2026)<\/p>\n<p><strong>7-Entrega de Certificado<\/strong><\/p>\n<p>El certificado que le entregaremos, de acuerdo a la norma de seguridad UNE 15713 sirve para justificar el cumpilmiento de la LOPD y el RGPD. <strong>Exige siempre este certificado para evitar importantes sanciones<\/strong>. El certificado contiene los siguientes datos:<\/p>\n<ul>\n<li>Fecha y lugar de la destrucci\u00f3n<\/li>\n<li>Cantidad de documentaci\u00f3n destruida<\/li>\n<li>Tama\u00f1o de part\u00edcula final<\/li>\n<li>M\u00e9todo utilizado para la destrucci\u00f3n<br \/>\n<hr \/>\n<\/li>\n<\/ul>\n<p><img loading=\"lazy\" decoding=\"async\" class=\"size-medium wp-image-348 alignleft\" src=\"https:\/\/gesducon.es\/wp-content\/uploads\/2018\/07\/IMG_6003-1-300x225.jpg\" alt=\"\" width=\"300\" height=\"225\" srcset=\"https:\/\/gesducon.es\/wp-content\/uploads\/2018\/07\/IMG_6003-1-300x225.jpg 300w, https:\/\/gesducon.es\/wp-content\/uploads\/2018\/07\/IMG_6003-1-768x576.jpg 768w, https:\/\/gesducon.es\/wp-content\/uploads\/2018\/07\/IMG_6003-1-1024x768.jpg 1024w, https:\/\/gesducon.es\/wp-content\/uploads\/2018\/07\/IMG_6003-1-80x60.jpg 80w\" sizes=\"(max-width: 300px) 100vw, 300px\" \/><\/p>\n<p>Imagen de los fardos de papel que se obtienen tras ser destruidos los documentos<\/p>\n<p>&nbsp;<\/p>\n<p>Diversas c\u00e1maras de grabaci\u00f3n graban y registran todos los procesos para garantizar la seguridad y privacidad de los datos.<img loading=\"lazy\" decoding=\"async\" class=\"size-medium wp-image-349 alignright\" src=\"https:\/\/gesducon.es\/wp-content\/uploads\/2018\/07\/WhatsApp-Image-2018-07-11-at-14.24.31-281x300.jpeg\" alt=\"\" width=\"281\" height=\"300\" srcset=\"https:\/\/gesducon.es\/wp-content\/uploads\/2018\/07\/WhatsApp-Image-2018-07-11-at-14.24.31-281x300.jpeg 281w, https:\/\/gesducon.es\/wp-content\/uploads\/2018\/07\/WhatsApp-Image-2018-07-11-at-14.24.31.jpeg 768w, https:\/\/gesducon.es\/wp-content\/uploads\/2018\/07\/WhatsApp-Image-2018-07-11-at-14.24.31-56x60.jpeg 56w\" sizes=\"(max-width: 281px) 100vw, 281px\" \/><\/p>\n","protected":false},"excerpt":{"rendered":"<p>En Gesducon hacemos que lo complejo sea simple. Nos ocupamos de garantizar la mayor seguridad para sus documentos confidenciales, sin molestias, para que se despreocupe de que los datos puedan ser utilizados indebidamente. El proceso es muy sencillo: Proceso 1- Acuerdo del servicio En Gesducon damos un tratamiento personalizado a cada empresa. Le asesoramos con &hellip; <\/p>\n","protected":false},"author":1,"featured_media":347,"parent":60,"menu_order":1,"comment_status":"closed","ping_status":"closed","template":"","meta":{"jetpack_post_was_ever_published":false,"footnotes":""},"jetpack_sharing_enabled":false,"jetpack_shortlink":"https:\/\/wp.me\/Pa393r-17","_links":{"self":[{"href":"https:\/\/gesducon.es\/index.php\/wp-json\/wp\/v2\/pages\/69"}],"collection":[{"href":"https:\/\/gesducon.es\/index.php\/wp-json\/wp\/v2\/pages"}],"about":[{"href":"https:\/\/gesducon.es\/index.php\/wp-json\/wp\/v2\/types\/page"}],"author":[{"embeddable":true,"href":"https:\/\/gesducon.es\/index.php\/wp-json\/wp\/v2\/users\/1"}],"replies":[{"embeddable":true,"href":"https:\/\/gesducon.es\/index.php\/wp-json\/wp\/v2\/comments?post=69"}],"version-history":[{"count":4,"href":"https:\/\/gesducon.es\/index.php\/wp-json\/wp\/v2\/pages\/69\/revisions"}],"predecessor-version":[{"id":351,"href":"https:\/\/gesducon.es\/index.php\/wp-json\/wp\/v2\/pages\/69\/revisions\/351"}],"up":[{"embeddable":true,"href":"https:\/\/gesducon.es\/index.php\/wp-json\/wp\/v2\/pages\/60"}],"wp:featuredmedia":[{"embeddable":true,"href":"https:\/\/gesducon.es\/index.php\/wp-json\/wp\/v2\/media\/347"}],"wp:attachment":[{"href":"https:\/\/gesducon.es\/index.php\/wp-json\/wp\/v2\/media?parent=69"}],"curies":[{"name":"wp","href":"https:\/\/api.w.org\/{rel}","templated":true}]}}