{"id":377,"date":"2018-07-13T12:07:25","date_gmt":"2018-07-13T12:07:25","guid":{"rendered":"https:\/\/gesducon.es\/?page_id=377"},"modified":"2018-07-13T12:07:25","modified_gmt":"2018-07-13T12:07:25","slug":"retirada-de-equipos-electricos-electronicos-y-otros-enseres","status":"publish","type":"page","link":"https:\/\/gesducon.es\/index.php\/servicios\/retirada-de-equipos-electricos-electronicos-y-otros-enseres\/","title":{"rendered":"Retirada de equipos el\u00e9ctricos, electr\u00f3nicos y otros enseres"},"content":{"rendered":"<p>Sabemos que el cierre o traslado de una oficina, adem\u00e1s de documentaci\u00f3n e informaci\u00f3n en soportes varios, genera la necesidad de retirar otro tipo de materiales como ordenadores, mobiliario (sillas, mesas de trabajo, estanter\u00edas), material de oficina (bandejas, cables, herramientas de trabajo\u2026).<\/p>\n<p>Gesducon proporciona un servicio de\u00a0equipos el\u00e9ctricos, electr\u00f3nicos y otros enseres para que usted no tenga que preocuparse. Adem\u00e1s nos ocupamos de gestionar adecuadamente este material desde un punto de visa medioambiental y sostenible, reutilizando, recuperando o reciclando el material de acuerdo a su situaci\u00f3n y potencial de uso.<\/p>\n<p><img loading=\"lazy\" decoding=\"async\" class=\"aligncenter size-medium wp-image-378\" src=\"https:\/\/gesducon.es\/wp-content\/uploads\/2018\/07\/WhatsApp-Image-2018-07-11-at-13.36.59-225x300.jpeg\" alt=\"\" width=\"225\" height=\"300\" srcset=\"https:\/\/gesducon.es\/wp-content\/uploads\/2018\/07\/WhatsApp-Image-2018-07-11-at-13.36.59-225x300.jpeg 225w, https:\/\/gesducon.es\/wp-content\/uploads\/2018\/07\/WhatsApp-Image-2018-07-11-at-13.36.59.jpeg 768w, https:\/\/gesducon.es\/wp-content\/uploads\/2018\/07\/WhatsApp-Image-2018-07-11-at-13.36.59-45x60.jpeg 45w\" sizes=\"(max-width: 225px) 100vw, 225px\" \/><\/p>\n<p>&nbsp;<\/p>\n<p>&nbsp;<\/p>\n<hr \/>\n<p><em>Photo portada credit:\u00a0<a href=\"https:\/\/visualhunt.com\/author\/0ed47f\">zugaldia<\/a><\/em><\/p>\n","protected":false},"excerpt":{"rendered":"<p>Sabemos que el cierre o traslado de una oficina, adem\u00e1s de documentaci\u00f3n e informaci\u00f3n en soportes varios, genera la necesidad de retirar otro tipo de materiales como ordenadores, mobiliario (sillas, mesas de trabajo, estanter\u00edas), material de oficina (bandejas, cables, herramientas de trabajo\u2026). Gesducon proporciona un servicio de\u00a0equipos el\u00e9ctricos, electr\u00f3nicos y otros enseres para que usted &hellip; <\/p>\n","protected":false},"author":1,"featured_media":379,"parent":60,"menu_order":4,"comment_status":"closed","ping_status":"closed","template":"","meta":{"jetpack_post_was_ever_published":false,"footnotes":""},"jetpack_sharing_enabled":false,"jetpack_shortlink":"https:\/\/wp.me\/Pa393r-65","_links":{"self":[{"href":"https:\/\/gesducon.es\/index.php\/wp-json\/wp\/v2\/pages\/377"}],"collection":[{"href":"https:\/\/gesducon.es\/index.php\/wp-json\/wp\/v2\/pages"}],"about":[{"href":"https:\/\/gesducon.es\/index.php\/wp-json\/wp\/v2\/types\/page"}],"author":[{"embeddable":true,"href":"https:\/\/gesducon.es\/index.php\/wp-json\/wp\/v2\/users\/1"}],"replies":[{"embeddable":true,"href":"https:\/\/gesducon.es\/index.php\/wp-json\/wp\/v2\/comments?post=377"}],"version-history":[{"count":1,"href":"https:\/\/gesducon.es\/index.php\/wp-json\/wp\/v2\/pages\/377\/revisions"}],"predecessor-version":[{"id":380,"href":"https:\/\/gesducon.es\/index.php\/wp-json\/wp\/v2\/pages\/377\/revisions\/380"}],"up":[{"embeddable":true,"href":"https:\/\/gesducon.es\/index.php\/wp-json\/wp\/v2\/pages\/60"}],"wp:featuredmedia":[{"embeddable":true,"href":"https:\/\/gesducon.es\/index.php\/wp-json\/wp\/v2\/media\/379"}],"wp:attachment":[{"href":"https:\/\/gesducon.es\/index.php\/wp-json\/wp\/v2\/media?parent=377"}],"curies":[{"name":"wp","href":"https:\/\/api.w.org\/{rel}","templated":true}]}}