{"id":322,"date":"2018-07-12T12:50:11","date_gmt":"2018-07-12T12:50:11","guid":{"rendered":"https:\/\/gesducon.es\/?page_id=322"},"modified":"2018-07-12T13:09:02","modified_gmt":"2018-07-12T13:09:02","slug":"servicio-de-recogida-de-documentacion-en-cantabria","status":"publish","type":"page","link":"https:\/\/gesducon.es\/index.php\/red-nacional\/servicio-de-recogida-de-documentacion-en-cantabria\/","title":{"rendered":"Servicio de recogida de documentaci\u00f3n en Cantabria"},"content":{"rendered":"<p>Gesducon presta un servicio personalizado en toda la provincia de Cantabria. Tanto para recogidas puntuales como peri\u00f3dicas y programadas, nuestro personal realiza la recogida confidencial de documentos en empresas, instituciones, hospitales\u2026<\/p>\n<p>Con la planta de destrucci\u00f3n confidencial m\u00e1s grande en el norte de Espa\u00f1a situada en Balmaseda (Bizkaia), a una hora de Santander, Gesducon proporciona un servicio diario de recogida y destrucci\u00f3n en toda la provincia.<\/p>\n<p><img loading=\"lazy\" decoding=\"async\" class=\"size-medium wp-image-327 alignleft\" src=\"https:\/\/gesducon.es\/wp-content\/uploads\/2018\/07\/WhatsApp-Image-2018-07-11-at-14.23.28-225x300.jpeg\" alt=\"\" width=\"225\" height=\"300\" srcset=\"https:\/\/gesducon.es\/wp-content\/uploads\/2018\/07\/WhatsApp-Image-2018-07-11-at-14.23.28-225x300.jpeg 225w, https:\/\/gesducon.es\/wp-content\/uploads\/2018\/07\/WhatsApp-Image-2018-07-11-at-14.23.28.jpeg 768w, https:\/\/gesducon.es\/wp-content\/uploads\/2018\/07\/WhatsApp-Image-2018-07-11-at-14.23.28-45x60.jpeg 45w\" sizes=\"(max-width: 225px) 100vw, 225px\" \/>Puedes solicitar que uno de nuestros asesores\/as te diga cual es el contenedor seguro m\u00e1s adecuado para el volumen de documentos que requieras proteger o destruir, y nosotros nos encargamos de todo: dejamos los contenedores donde nos digas, los recogemos una vez est\u00e9n llenos, los llevamos en furgonetas y camiones especiales y seguros y destruimos tu documentaci\u00f3n de forma privada y confidencial.<\/p>\n<p>Estos son las ciudades y municipios donde pr\u00e1cticamente a diario prestamos el servicio de retirada de enseres, recogida de documentaci\u00f3n, destrucci\u00f3n confidencial certificada o dep\u00f3sito de contenedores seguros en Cantabria:<\/p>\n<ul>\n<li>Santander<\/li>\n<li>Torrelavega<\/li>\n<li>Castro Urdiales<\/li>\n<li>Camargo<\/li>\n<li>Pi\u00e9lagos<\/li>\n<li>El Astillero<\/li>\n<li>Santa Cruz de Bezana<\/li>\n<li>Laredo<\/li>\n<li>Santo\u00f1a<\/li>\n<li>Los Corrales de Buelna<\/li>\n<li>Reinosa<\/li>\n<li>Santa Mar\u00eda de Cay\u00f3n<\/li>\n<li>Suances<\/li>\n<li>Cabez\u00f3n de la Sal<\/li>\n<li>Reoc\u00edn<\/li>\n<li>Colindres<\/li>\n<li>Medio Cudeyo<\/li>\n<li>Polanco<\/li>\n<li>Cartes<\/li>\n<li>Marina de Cudeyo<\/li>\n<li>Miengo<\/li>\n<li>Ribamont\u00e1n al Mar<\/li>\n<li>Ampuero<\/li>\n<li>San Vicente de la Barquera<\/li>\n<li>Santillana del Mar<\/li>\n<li>B\u00e1rcena de Cicero<\/li>\n<li>Villaescusa<\/li>\n<li>Campoo de Enmedio<\/li>\n<li>Entrambasaguas<\/li>\n<li>Ramales de la Victoria<\/li>\n<li>Puente Viesgo<\/li>\n<li>Val de San Vicente<\/li>\n<li>Casta\u00f1eda<\/li>\n<li>\u2026<\/li>\n<\/ul>\n","protected":false},"excerpt":{"rendered":"<p>Gesducon presta un servicio personalizado en toda la provincia de Cantabria. Tanto para recogidas puntuales como peri\u00f3dicas y programadas, nuestro personal realiza la recogida confidencial de documentos en empresas, instituciones, hospitales\u2026 Con la planta de destrucci\u00f3n confidencial m\u00e1s grande en el norte de Espa\u00f1a situada en Balmaseda (Bizkaia), a una hora de Santander, Gesducon proporciona &hellip; <\/p>\n","protected":false},"author":1,"featured_media":324,"parent":270,"menu_order":6,"comment_status":"closed","ping_status":"closed","template":"","meta":{"jetpack_post_was_ever_published":false,"footnotes":""},"jetpack_sharing_enabled":false,"jetpack_shortlink":"https:\/\/wp.me\/Pa393r-5c","_links":{"self":[{"href":"https:\/\/gesducon.es\/index.php\/wp-json\/wp\/v2\/pages\/322"}],"collection":[{"href":"https:\/\/gesducon.es\/index.php\/wp-json\/wp\/v2\/pages"}],"about":[{"href":"https:\/\/gesducon.es\/index.php\/wp-json\/wp\/v2\/types\/page"}],"author":[{"embeddable":true,"href":"https:\/\/gesducon.es\/index.php\/wp-json\/wp\/v2\/users\/1"}],"replies":[{"embeddable":true,"href":"https:\/\/gesducon.es\/index.php\/wp-json\/wp\/v2\/comments?post=322"}],"version-history":[{"count":3,"href":"https:\/\/gesducon.es\/index.php\/wp-json\/wp\/v2\/pages\/322\/revisions"}],"predecessor-version":[{"id":328,"href":"https:\/\/gesducon.es\/index.php\/wp-json\/wp\/v2\/pages\/322\/revisions\/328"}],"up":[{"embeddable":true,"href":"https:\/\/gesducon.es\/index.php\/wp-json\/wp\/v2\/pages\/270"}],"wp:featuredmedia":[{"embeddable":true,"href":"https:\/\/gesducon.es\/index.php\/wp-json\/wp\/v2\/media\/324"}],"wp:attachment":[{"href":"https:\/\/gesducon.es\/index.php\/wp-json\/wp\/v2\/media?parent=322"}],"curies":[{"name":"wp","href":"https:\/\/api.w.org\/{rel}","templated":true}]}}