{"id":287,"date":"2018-07-12T10:55:22","date_gmt":"2018-07-12T10:55:22","guid":{"rendered":"https:\/\/gesducon.es\/?page_id=287"},"modified":"2018-07-12T11:33:24","modified_gmt":"2018-07-12T11:33:24","slug":"servicio-de-recogida-de-documentacion-en-bizkaia","status":"publish","type":"page","link":"https:\/\/gesducon.es\/index.php\/red-nacional\/servicio-de-recogida-de-documentacion-en-bizkaia\/","title":{"rendered":"Servicio de recogida de documentaci\u00f3n en Bizkaia"},"content":{"rendered":"<p>Nuestra planta de destrucci\u00f3n confidencial de documentaci\u00f3n de alta capacidad <strong>est\u00e1 situada en Balmaseda<\/strong>. Llegamos a cualquier punto de la provincia para realizar las recogidas de documentos en <strong>menos de una hora<\/strong>.<\/p>\n<p><img loading=\"lazy\" decoding=\"async\" class=\"size-medium wp-image-272 alignleft\" src=\"https:\/\/gesducon.es\/wp-content\/uploads\/2018\/07\/WhatsApp-Image-2018-07-11-at-13.33.59-225x300.jpeg\" alt=\"\" width=\"225\" height=\"300\" srcset=\"https:\/\/gesducon.es\/wp-content\/uploads\/2018\/07\/WhatsApp-Image-2018-07-11-at-13.33.59-225x300.jpeg 225w, https:\/\/gesducon.es\/wp-content\/uploads\/2018\/07\/WhatsApp-Image-2018-07-11-at-13.33.59.jpeg 768w, https:\/\/gesducon.es\/wp-content\/uploads\/2018\/07\/WhatsApp-Image-2018-07-11-at-13.33.59-45x60.jpeg 45w\" sizes=\"(max-width: 225px) 100vw, 225px\" \/>Actualmente en Bizkaia Gesducon tiene repartidos m\u00e1s de 200 contenedores de seguridad de documentos tanto en empresas privadas como en instituciones.<\/p>\n<p><a href=\"https:\/\/gesducon.es\/index.php\/2018\/07\/12\/cuales-son-los-datos-de-caracter-personal-que-el-reglamento-de-proteccion-de-datos-nos-obliga-a-dar-un-tratamiento-privado-en-los-centros-de-trabajo\/\" target=\"_blank\" rel=\"noopener\">Datos personales y privados<\/a> como nombres, direcciones, historiales m\u00e9dicos, informaci\u00f3n financiera, etc\u2026 deben ser tratados escrupulosamente sean en el soporte que sean.\u00a0Si tiene dudas de c\u00f3mo dar cumplimiento legal al recabado, almacenado, transporte o destrucci\u00f3n de este tipo de informaci\u00f3n desde Gesducon <a href=\"https:\/\/gesducon.es\/index.php\/contacto\/\" target=\"_blank\" rel=\"noopener\">te asesoramos<\/a> sin ning\u00fan tipo de compromiso<\/p>\n<p>Estos son las ciudades y municipios donde pr\u00e1cticamente a diario prestamos el servicio de retirada de enseres, recogida de documentaci\u00f3n, destrucci\u00f3n confidencial certificada o dep\u00f3sito de contenedores seguros en Bizkaia:<\/p>\n<ul>\n<li>Bilbao<\/li>\n<li>Barakaldo<\/li>\n<li>Getxo<\/li>\n<li>Portugalete<\/li>\n<li>Santurce<\/li>\n<li>Basauri<\/li>\n<li>Lejona<\/li>\n<li>Gald\u00e1kao<\/li>\n<li>Durango<\/li>\n<li>Sestao<\/li>\n<li>Erandio<\/li>\n<li>Amorebieta &#8211; Etxano<\/li>\n<li>Mung\u00eda<\/li>\n<li>Gernika-Lumo<\/li>\n<li>Bermeo<\/li>\n<li>Ermua<\/li>\n<li>Sopelana<\/li>\n<li>Arrigorriaga<\/li>\n<li>Trapagar\u00e1n<\/li>\n<li>Etxebarri<\/li>\n<li>Abanto y Zierbena<\/li>\n<li>Ond\u00e1rroa<\/li>\n<li>Ortuella<\/li>\n<li>Balmaseda<\/li>\n<li>Muzkiz<\/li>\n<li>Abadi\u00f1o<\/li>\n<li>Elorrio<\/li>\n<li>Lekeitio<\/li>\n<li>Berango<\/li>\n<li>G\u00fce\u00f1es<\/li>\n<li>Zalla<\/li>\n<li>Derio<\/li>\n<li>G\u00f3rliz<\/li>\n<li>Markina-Xemein<\/li>\n<li>B\u00e9rriz<\/li>\n<li>Sondika<\/li>\n<li>Plentzia<\/li>\n<li>Iurre<\/li>\n<li>Urduliz<\/li>\n<li>Ordu\u00f1a<\/li>\n<li>Ugao-Miraballes<\/li>\n<li>Iurreta<\/li>\n<li>Lemoa<\/li>\n<li>Zamudio<\/li>\n<li>Zaldibar<\/li>\n<li>Alonsotegi<\/li>\n<li>Karrantza<\/li>\n<li>Orozko<\/li>\n<li>Bakio<\/li>\n<li>Sopuerta<\/li>\n<li>Lezama<\/li>\n<li>etc.<\/li>\n<\/ul>\n","protected":false},"excerpt":{"rendered":"<p>Nuestra planta de destrucci\u00f3n confidencial de documentaci\u00f3n de alta capacidad est\u00e1 situada en Balmaseda. Llegamos a cualquier punto de la provincia para realizar las recogidas de documentos en menos de una hora. Actualmente en Bizkaia Gesducon tiene repartidos m\u00e1s de 200 contenedores de seguridad de documentos tanto en empresas privadas como en instituciones. Datos personales &hellip; <\/p>\n","protected":false},"author":1,"featured_media":288,"parent":270,"menu_order":1,"comment_status":"closed","ping_status":"closed","template":"","meta":{"jetpack_post_was_ever_published":false,"footnotes":""},"jetpack_sharing_enabled":false,"jetpack_shortlink":"https:\/\/wp.me\/Pa393r-4D","_links":{"self":[{"href":"https:\/\/gesducon.es\/index.php\/wp-json\/wp\/v2\/pages\/287"}],"collection":[{"href":"https:\/\/gesducon.es\/index.php\/wp-json\/wp\/v2\/pages"}],"about":[{"href":"https:\/\/gesducon.es\/index.php\/wp-json\/wp\/v2\/types\/page"}],"author":[{"embeddable":true,"href":"https:\/\/gesducon.es\/index.php\/wp-json\/wp\/v2\/users\/1"}],"replies":[{"embeddable":true,"href":"https:\/\/gesducon.es\/index.php\/wp-json\/wp\/v2\/comments?post=287"}],"version-history":[{"count":6,"href":"https:\/\/gesducon.es\/index.php\/wp-json\/wp\/v2\/pages\/287\/revisions"}],"predecessor-version":[{"id":291,"href":"https:\/\/gesducon.es\/index.php\/wp-json\/wp\/v2\/pages\/287\/revisions\/291"}],"up":[{"embeddable":true,"href":"https:\/\/gesducon.es\/index.php\/wp-json\/wp\/v2\/pages\/270"}],"wp:featuredmedia":[{"embeddable":true,"href":"https:\/\/gesducon.es\/index.php\/wp-json\/wp\/v2\/media\/288"}],"wp:attachment":[{"href":"https:\/\/gesducon.es\/index.php\/wp-json\/wp\/v2\/media?parent=287"}],"curies":[{"name":"wp","href":"https:\/\/api.w.org\/{rel}","templated":true}]}}