{"id":235,"date":"2018-07-06T12:29:49","date_gmt":"2018-07-06T12:29:49","guid":{"rendered":"https:\/\/gesducon.es\/?page_id=235"},"modified":"2022-02-22T10:41:23","modified_gmt":"2022-02-22T10:41:23","slug":"instalaciones-y-medios","status":"publish","type":"page","link":"https:\/\/gesducon.es\/index.php\/conoce-gesducon\/instalaciones-y-medios\/","title":{"rendered":"Instalaciones y medios"},"content":{"rendered":"<p><img loading=\"lazy\" decoding=\"async\" class=\"size-medium wp-image-241 aligncenter\" src=\"https:\/\/gesducon.es\/wp-content\/uploads\/2018\/07\/DSC_0130-copia-300x200.jpg\" alt=\"\" width=\"300\" height=\"200\" srcset=\"https:\/\/gesducon.es\/wp-content\/uploads\/2018\/07\/DSC_0130-copia-300x200.jpg 300w, https:\/\/gesducon.es\/wp-content\/uploads\/2018\/07\/DSC_0130-copia-768x512.jpg 768w, https:\/\/gesducon.es\/wp-content\/uploads\/2018\/07\/DSC_0130-copia-1024x683.jpg 1024w, https:\/\/gesducon.es\/wp-content\/uploads\/2018\/07\/DSC_0130-copia-90x60.jpg 90w\" sizes=\"(max-width: 300px) 100vw, 300px\" \/><\/p>\n<p>Gesducon, empresa l\u00edder en servicios de recogida y destrucci\u00f3n confidencial de documentaci\u00f3n en el Norte de Espa\u00f1a, dispone de una gran capacidad de procesado de documentos (recogida, transporte, destrucci\u00f3n, tratamiento) gracias a los recursos propios de los que dispone.<\/p>\n<p><img loading=\"lazy\" decoding=\"async\" class=\"size-medium wp-image-239 alignleft\" src=\"https:\/\/gesducon.es\/wp-content\/uploads\/2018\/07\/DSC_0138-copia-300x200.jpg\" alt=\"\" width=\"300\" height=\"200\" srcset=\"https:\/\/gesducon.es\/wp-content\/uploads\/2018\/07\/DSC_0138-copia-300x200.jpg 300w, https:\/\/gesducon.es\/wp-content\/uploads\/2018\/07\/DSC_0138-copia-768x512.jpg 768w, https:\/\/gesducon.es\/wp-content\/uploads\/2018\/07\/DSC_0138-copia-1024x683.jpg 1024w, https:\/\/gesducon.es\/wp-content\/uploads\/2018\/07\/DSC_0138-copia-90x60.jpg 90w, https:\/\/gesducon.es\/wp-content\/uploads\/2018\/07\/DSC_0138-copia.jpg 1620w\" sizes=\"(max-width: 300px) 100vw, 300px\" \/><\/p>\n<p>Todos los medios son propios, pero destaca la planta de destrucci\u00f3n que ocupa una superficie de 1.200m2 y que es capaz de triturar toda clase de materiales (madera, metal, soportes digitales\u2026). Esto hace que el tiempo de espera y procesado sea inferior al de otras plantas de menor tama\u00f1o, evitando la p\u00e9rdida de tiempos y eficiencia por intermediaci\u00f3n, lo que redunda en un mejor servicio al cliente.<\/p>\n<p><img loading=\"lazy\" decoding=\"async\" class=\"aligncenter size-medium wp-image-240\" src=\"https:\/\/gesducon.es\/wp-content\/uploads\/2018\/07\/Imagen3-300x300.jpg\" alt=\"\" width=\"300\" height=\"300\" srcset=\"https:\/\/gesducon.es\/wp-content\/uploads\/2018\/07\/Imagen3-300x300.jpg 300w, https:\/\/gesducon.es\/wp-content\/uploads\/2018\/07\/Imagen3-150x150.jpg 150w, https:\/\/gesducon.es\/wp-content\/uploads\/2018\/07\/Imagen3-768x768.jpg 768w, https:\/\/gesducon.es\/wp-content\/uploads\/2018\/07\/Imagen3-370x370.jpg 370w, https:\/\/gesducon.es\/wp-content\/uploads\/2018\/07\/Imagen3-60x60.jpg 60w, https:\/\/gesducon.es\/wp-content\/uploads\/2018\/07\/Imagen3.jpg 782w\" sizes=\"(max-width: 300px) 100vw, 300px\" \/><\/p>\n","protected":false},"excerpt":{"rendered":"<p>Gesducon, empresa l\u00edder en servicios de recogida y destrucci\u00f3n confidencial de documentaci\u00f3n en el Norte de Espa\u00f1a, dispone de una gran capacidad de procesado de documentos (recogida, transporte, destrucci\u00f3n, tratamiento) gracias a los recursos propios de los que dispone. Todos los medios son propios, pero destaca la planta de destrucci\u00f3n que ocupa una superficie de &hellip; <\/p>\n","protected":false},"author":1,"featured_media":0,"parent":204,"menu_order":1,"comment_status":"closed","ping_status":"closed","template":"","meta":{"jetpack_post_was_ever_published":false,"footnotes":""},"jetpack_sharing_enabled":true,"jetpack_shortlink":"https:\/\/wp.me\/Pa393r-3N","_links":{"self":[{"href":"https:\/\/gesducon.es\/index.php\/wp-json\/wp\/v2\/pages\/235"}],"collection":[{"href":"https:\/\/gesducon.es\/index.php\/wp-json\/wp\/v2\/pages"}],"about":[{"href":"https:\/\/gesducon.es\/index.php\/wp-json\/wp\/v2\/types\/page"}],"author":[{"embeddable":true,"href":"https:\/\/gesducon.es\/index.php\/wp-json\/wp\/v2\/users\/1"}],"replies":[{"embeddable":true,"href":"https:\/\/gesducon.es\/index.php\/wp-json\/wp\/v2\/comments?post=235"}],"version-history":[{"count":5,"href":"https:\/\/gesducon.es\/index.php\/wp-json\/wp\/v2\/pages\/235\/revisions"}],"predecessor-version":[{"id":634,"href":"https:\/\/gesducon.es\/index.php\/wp-json\/wp\/v2\/pages\/235\/revisions\/634"}],"up":[{"embeddable":true,"href":"https:\/\/gesducon.es\/index.php\/wp-json\/wp\/v2\/pages\/204"}],"wp:attachment":[{"href":"https:\/\/gesducon.es\/index.php\/wp-json\/wp\/v2\/media?parent=235"}],"curies":[{"name":"wp","href":"https:\/\/api.w.org\/{rel}","templated":true}]}}