{"id":204,"date":"2018-07-06T11:28:55","date_gmt":"2018-07-06T11:28:55","guid":{"rendered":"https:\/\/gesducon.es\/?page_id=204"},"modified":"2018-07-12T09:39:17","modified_gmt":"2018-07-12T09:39:17","slug":"conoce-gesducon","status":"publish","type":"page","link":"https:\/\/gesducon.es\/index.php\/conoce-gesducon\/","title":{"rendered":"Conoce Gesducon"},"content":{"rendered":"<p><img loading=\"lazy\" decoding=\"async\" class=\" wp-image-145 alignleft\" src=\"https:\/\/gesducon.es\/wp-content\/uploads\/2018\/07\/planta-300x300.jpg\" alt=\"\" width=\"274\" height=\"274\" \/>Gesducon es la empresa de referencia en recogida y destrucci\u00f3n confidencial de documentos del Norte de Espa\u00f1a. Nos mueven los valores sociales, formamos parte del <a href=\"http:\/\/urbegi.com\">Grupo Urbegi<\/a> que da empleo a casi 600 personas mayoritariamente de colectivos vulnerables.<\/p>\n<p>Somos una empresa con m\u00e1s de <strong>10 a\u00f1os de experiencia<\/strong>, siendo nuestro socio DCD la empresa l\u00edder en todo el estado en recogida de documentaci\u00f3n a quien prestamos soporte para sus clientes en el norte de Espa\u00f1a.<\/p>\n<p>Nuestra planta de destrucci\u00f3n de documentos de gran capacidad situada en Balmaseda (Bizkaia) es capaz de destruir m\u00e1s de 10 toneladas de documentos al d\u00eda. Y no s\u00f3lo de papel o cart\u00f3n, tambi\u00e9n recogemos y destruimos datos en otros soportes, como pueden ser: radiograf\u00edas m\u00e9dicas, cintas magn\u00e9ticas de grabaci\u00f3n, CD\u00b4s, disquetes, discos duros y otros muchos soportes.<\/p>\n<h4>Gesducon certifica el proceso de destrucci\u00f3n<\/h4>\n<p><img loading=\"lazy\" decoding=\"async\" class=\"size-medium wp-image-136 alignright\" src=\"https:\/\/gesducon.es\/wp-content\/uploads\/2018\/07\/garantia-300x300.png\" alt=\"\" width=\"300\" height=\"300\" srcset=\"https:\/\/gesducon.es\/wp-content\/uploads\/2018\/07\/garantia-300x300.png 300w, https:\/\/gesducon.es\/wp-content\/uploads\/2018\/07\/garantia-150x150.png 150w, https:\/\/gesducon.es\/wp-content\/uploads\/2018\/07\/garantia-768x768.png 768w, https:\/\/gesducon.es\/wp-content\/uploads\/2018\/07\/garantia-1024x1024.png 1024w, https:\/\/gesducon.es\/wp-content\/uploads\/2018\/07\/garantia-370x370.png 370w, https:\/\/gesducon.es\/wp-content\/uploads\/2018\/07\/garantia-60x60.png 60w, https:\/\/gesducon.es\/wp-content\/uploads\/2018\/07\/garantia.png 1080w\" sizes=\"(max-width: 300px) 100vw, 300px\" \/><span style=\"font-family: -apple-system, BlinkMacSystemFont, 'Segoe UI', Roboto, Oxygen-Sans, Ubuntu, Cantarell, 'Helvetica Neue', sans-serif;\">Pero <\/span><strong style=\"font-family: -apple-system, BlinkMacSystemFont, 'Segoe UI', Roboto, Oxygen-Sans, Ubuntu, Cantarell, 'Helvetica Neue', sans-serif;\">nuestra raz\u00f3n de ser<\/strong><span style=\"font-family: -apple-system, BlinkMacSystemFont, 'Segoe UI', Roboto, Oxygen-Sans, Ubuntu, Cantarell, 'Helvetica Neue', sans-serif;\"> es ofrecer un servicio personalizado con la m\u00e1xima la garant\u00eda de seguridad y confidencialidad para nuestros clientes. <\/span><\/p>\n<p><span style=\"font-family: -apple-system, BlinkMacSystemFont, 'Segoe UI', Roboto, Oxygen-Sans, Ubuntu, Cantarell, 'Helvetica Neue', sans-serif;\">Tanto en la recogida, el transporte y la destrucci\u00f3n, <strong>Gesducon \u2014empresa homologada con la norma UNE 15713<\/strong>\u2014, certifica y entrega el correspondiente certificado a sus clientes tras un servicio de destrucci\u00f3n confidencial.<\/span><\/p>\n","protected":false},"excerpt":{"rendered":"<p>Gesducon es la empresa de referencia en recogida y destrucci\u00f3n confidencial de documentos del Norte de Espa\u00f1a. Nos mueven los valores sociales, formamos parte del Grupo Urbegi que da empleo a casi 600 personas mayoritariamente de colectivos vulnerables. Somos una empresa con m\u00e1s de 10 a\u00f1os de experiencia, siendo nuestro socio DCD la empresa l\u00edder &hellip; <\/p>\n","protected":false},"author":1,"featured_media":266,"parent":0,"menu_order":0,"comment_status":"closed","ping_status":"closed","template":"","meta":{"jetpack_post_was_ever_published":false,"footnotes":""},"jetpack_sharing_enabled":true,"jetpack_shortlink":"https:\/\/wp.me\/Pa393r-3i","_links":{"self":[{"href":"https:\/\/gesducon.es\/index.php\/wp-json\/wp\/v2\/pages\/204"}],"collection":[{"href":"https:\/\/gesducon.es\/index.php\/wp-json\/wp\/v2\/pages"}],"about":[{"href":"https:\/\/gesducon.es\/index.php\/wp-json\/wp\/v2\/types\/page"}],"author":[{"embeddable":true,"href":"https:\/\/gesducon.es\/index.php\/wp-json\/wp\/v2\/users\/1"}],"replies":[{"embeddable":true,"href":"https:\/\/gesducon.es\/index.php\/wp-json\/wp\/v2\/comments?post=204"}],"version-history":[{"count":7,"href":"https:\/\/gesducon.es\/index.php\/wp-json\/wp\/v2\/pages\/204\/revisions"}],"predecessor-version":[{"id":269,"href":"https:\/\/gesducon.es\/index.php\/wp-json\/wp\/v2\/pages\/204\/revisions\/269"}],"wp:featuredmedia":[{"embeddable":true,"href":"https:\/\/gesducon.es\/index.php\/wp-json\/wp\/v2\/media\/266"}],"wp:attachment":[{"href":"https:\/\/gesducon.es\/index.php\/wp-json\/wp\/v2\/media?parent=204"}],"curies":[{"name":"wp","href":"https:\/\/api.w.org\/{rel}","templated":true}]}}