{"id":190,"date":"2018-07-06T09:35:33","date_gmt":"2018-07-06T09:35:33","guid":{"rendered":"https:\/\/gesducon.es\/?page_id=190"},"modified":"2018-07-06T09:36:13","modified_gmt":"2018-07-06T09:36:13","slug":"contenedores-seguros-de-gesducon","status":"publish","type":"page","link":"https:\/\/gesducon.es\/index.php\/contenedores-seguros-de-gesducon\/","title":{"rendered":"Contenedores seguros de Gesducon"},"content":{"rendered":"<p>En diferentes medidas y tama\u00f1os, Gesducon le asesoraremos sobre los contenedores m\u00e1s adecuados de acuerdo al volumen de documentaci\u00f3n que en su empresa necesitan depositar de forma confidencial y privada.<\/p>\n<p>Recuerde que todo los datos privados son necesarios darles un tratamiento 100% privado y seguro para evitar las sustanciales sanciones que la administraci\u00f3n ya ha llegado a poner a diversas empresas.<\/p>\n<p>Los tama\u00f1os son\u2026<\/p>\n","protected":false},"excerpt":{"rendered":"<p>En diferentes medidas y tama\u00f1os, Gesducon le asesoraremos sobre los contenedores m\u00e1s adecuados de acuerdo al volumen de documentaci\u00f3n que en su empresa necesitan depositar de forma confidencial y privada. Recuerde que todo los datos privados son necesarios darles un tratamiento 100% privado y seguro para evitar las sustanciales sanciones que la administraci\u00f3n ya ha &hellip; <\/p>\n","protected":false},"author":1,"featured_media":96,"parent":0,"menu_order":0,"comment_status":"closed","ping_status":"closed","template":"","meta":{"jetpack_post_was_ever_published":false,"footnotes":""},"jetpack_sharing_enabled":true,"jetpack_shortlink":"https:\/\/wp.me\/Pa393r-34","_links":{"self":[{"href":"https:\/\/gesducon.es\/index.php\/wp-json\/wp\/v2\/pages\/190"}],"collection":[{"href":"https:\/\/gesducon.es\/index.php\/wp-json\/wp\/v2\/pages"}],"about":[{"href":"https:\/\/gesducon.es\/index.php\/wp-json\/wp\/v2\/types\/page"}],"author":[{"embeddable":true,"href":"https:\/\/gesducon.es\/index.php\/wp-json\/wp\/v2\/users\/1"}],"replies":[{"embeddable":true,"href":"https:\/\/gesducon.es\/index.php\/wp-json\/wp\/v2\/comments?post=190"}],"version-history":[{"count":1,"href":"https:\/\/gesducon.es\/index.php\/wp-json\/wp\/v2\/pages\/190\/revisions"}],"predecessor-version":[{"id":191,"href":"https:\/\/gesducon.es\/index.php\/wp-json\/wp\/v2\/pages\/190\/revisions\/191"}],"wp:featuredmedia":[{"embeddable":true,"href":"https:\/\/gesducon.es\/index.php\/wp-json\/wp\/v2\/media\/96"}],"wp:attachment":[{"href":"https:\/\/gesducon.es\/index.php\/wp-json\/wp\/v2\/media?parent=190"}],"curies":[{"name":"wp","href":"https:\/\/api.w.org\/{rel}","templated":true}]}}