{"id":17,"date":"2018-07-04T12:29:22","date_gmt":"2018-07-04T12:29:22","guid":{"rendered":"https:\/\/gesducon.es\/?page_id=17"},"modified":"2022-03-11T08:48:00","modified_gmt":"2022-03-11T08:48:00","slug":"gesducon-2","status":"publish","type":"page","link":"https:\/\/gesducon.es\/","title":{"rendered":"Inicio"},"content":{"rendered":"\n<div class=\"wp-block-buttons is-layout-flex wp-block-buttons-is-layout-flex\">\n<div class=\"wp-block-button is-style-outline\"><a class=\"wp-block-button__link has-vivid-cyan-blue-color has-text-color\">Cat\u00e1logo de Servicios<\/a><\/div>\n<\/div>\n\n\n\n<h1 class=\"wp-block-heading\"><div id=\"metaslider-id-56\" style=\"width: 100%; margin: 0 auto;\" class=\"ml-slider-3-62-0 metaslider metaslider-flex metaslider-56 ml-slider ms-theme-default\" role=\"region\" aria-roledescription=\"Slideshow\" aria-label=\"Slideshow 1\">\n    <div id=\"metaslider_container_56\">\n        <div id=\"metaslider_56\">\n            <ul aria-live=\"polite\" class=\"slides\">\n                <li style=\"display: block; width: 100%;\" class=\"slide-91 ms-image \" aria-roledescription=\"slide\" aria-label=\"slide-91\"><img loading=\"lazy\" decoding=\"async\" src=\"https:\/\/gesducon.es\/wp-content\/uploads\/2018\/07\/38662257120_e2dde9b4be_b-700x300.jpg\" height=\"300\" width=\"700\" alt=\"\" class=\"slider-56 slide-91\" title=\"38662257120_e2dde9b4be_b\" \/><div class=\"caption-wrap\"><div class=\"caption\">Destruimos datos, generamos confianza<\/div><\/div><\/li>\n                <li style=\"display: none; width: 100%;\" class=\"slide-92 ms-image \" aria-roledescription=\"slide\" aria-label=\"slide-92\"><img loading=\"lazy\" decoding=\"async\" src=\"https:\/\/gesducon.es\/wp-content\/uploads\/2018\/07\/4604327742_d1b5ae2ffb_b-700x300.jpg\" height=\"300\" width=\"700\" alt=\"\" class=\"slider-56 slide-92\" title=\"4604327742_d1b5ae2ffb_b\" \/><\/li>\n                <li style=\"display: none; width: 100%;\" class=\"slide-93 ms-image \" aria-roledescription=\"slide\" aria-label=\"slide-93\"><img loading=\"lazy\" decoding=\"async\" src=\"https:\/\/gesducon.es\/wp-content\/uploads\/2018\/07\/MOBILE-PHOTOGRAPHY-700x300.png\" height=\"300\" width=\"700\" alt=\"\" class=\"slider-56 slide-93\" title=\"Gesducon Destrucci\u00f3n confidencial de documentos\" \/><\/li>\n            <\/ul>\n        <\/div>\n        \n    <\/div>\n<\/div><!-- MetaSlider 46 not found --><\/h1>\n\n\n\n<h1 class=\"wp-block-heading\">Servicio<\/h1>\n\n\n\n<p>Le ofrecemos un servicio a la medida de sus necesidades, siempre realizado por personal propio, debidamente uniformado y acreditado.<\/p>\n\n\n\n<h1 class=\"wp-block-heading\">Seguridad<\/h1>\n\n\n\n<p>El servicio est\u00e1 certificado a lo largo de todo el proceso bajo la norma UNE EN 15713, y garantiza la destrucci\u00f3n segura de material confidencial en la planta trituradora sita en Balmaseda (Bizkaia) con nivel de seguridad superior a 3 (DIN 32757).<\/p>\n\n\n\n<h1 class=\"wp-block-heading\">Confidencialidad<\/h1>\n\n\n\n<p>La planta de destrucci\u00f3n se encuentra en un recinto cerrado con acceso restringido, en el que una c\u00e1mara registra todas las operaciones y movimientos realizados hasta la total destrucci\u00f3n: descarga de contenedores, apertura y alimentaci\u00f3n en la tolva, alimentaci\u00f3n de la l\u00ednea destructora, recogida de los fardos finales de material triturado seg\u00fan norma UNE 15713<\/p>\n","protected":false},"excerpt":{"rendered":"<p>Servicio Le ofrecemos un servicio a la medida de sus necesidades, siempre realizado por personal propio, debidamente uniformado y acreditado. Seguridad El servicio est\u00e1 certificado a lo largo de todo el proceso bajo la norma UNE EN 15713, y garantiza la destrucci\u00f3n segura de material confidencial en la planta trituradora sita en Balmaseda (Bizkaia) con &hellip; <\/p>\n","protected":false},"author":1,"featured_media":0,"parent":0,"menu_order":0,"comment_status":"closed","ping_status":"closed","template":"","meta":{"jetpack_post_was_ever_published":false,"footnotes":""},"jetpack_sharing_enabled":false,"jetpack_shortlink":"https:\/\/wp.me\/Pa393r-h","_links":{"self":[{"href":"https:\/\/gesducon.es\/index.php\/wp-json\/wp\/v2\/pages\/17"}],"collection":[{"href":"https:\/\/gesducon.es\/index.php\/wp-json\/wp\/v2\/pages"}],"about":[{"href":"https:\/\/gesducon.es\/index.php\/wp-json\/wp\/v2\/types\/page"}],"author":[{"embeddable":true,"href":"https:\/\/gesducon.es\/index.php\/wp-json\/wp\/v2\/users\/1"}],"replies":[{"embeddable":true,"href":"https:\/\/gesducon.es\/index.php\/wp-json\/wp\/v2\/comments?post=17"}],"version-history":[{"count":6,"href":"https:\/\/gesducon.es\/index.php\/wp-json\/wp\/v2\/pages\/17\/revisions"}],"predecessor-version":[{"id":653,"href":"https:\/\/gesducon.es\/index.php\/wp-json\/wp\/v2\/pages\/17\/revisions\/653"}],"wp:attachment":[{"href":"https:\/\/gesducon.es\/index.php\/wp-json\/wp\/v2\/media?parent=17"}],"curies":[{"name":"wp","href":"https:\/\/api.w.org\/{rel}","templated":true}]}}