{"id":140,"date":"2018-07-05T09:25:30","date_gmt":"2018-07-05T09:25:30","guid":{"rendered":"https:\/\/gesducon.es\/?page_id=140"},"modified":"2018-07-16T13:21:09","modified_gmt":"2018-07-16T13:21:09","slug":"seguridad","status":"publish","type":"page","link":"https:\/\/gesducon.es\/index.php\/seguridad\/","title":{"rendered":"Seguridad"},"content":{"rendered":"<p>Desde el mismo momento que se contrata un servicio con Gesducon, velamos por el estricto cumplimiento del m\u00e1ximo nivel de privacidad, seguridad, y confidencialidad.<\/p>\n<h4>Contenedores de seguridad<\/h4>\n<p><img loading=\"lazy\" decoding=\"async\" class=\"size-medium wp-image-352 alignleft\" src=\"https:\/\/gesducon.es\/wp-content\/uploads\/2018\/07\/WhatsApp-Image-2018-07-11-at-13.38.38-225x300.jpeg\" alt=\"\" width=\"225\" height=\"300\" srcset=\"https:\/\/gesducon.es\/wp-content\/uploads\/2018\/07\/WhatsApp-Image-2018-07-11-at-13.38.38-225x300.jpeg 225w, https:\/\/gesducon.es\/wp-content\/uploads\/2018\/07\/WhatsApp-Image-2018-07-11-at-13.38.38.jpeg 768w, https:\/\/gesducon.es\/wp-content\/uploads\/2018\/07\/WhatsApp-Image-2018-07-11-at-13.38.38-45x60.jpeg 45w\" sizes=\"(max-width: 225px) 100vw, 225px\" \/><\/p>\n<p>S\u00f3lo utilizamos contenedores de seguridad especiales que dejamos en las empresas para la custodia confidencial de los documentos hasta su recogida y destrucci\u00f3n. Estos contenedores est\u00e1n provistos de una cerradura de seguridad cuya llave s\u00f3lo est\u00e1 a disposici\u00f3n del personal homologado y acreditado que Gesducon haya identificado.<\/p>\n<p>El n\u00famero y volumen de los contenedores de seguridad se establecen de acuerdo al volumen de documentaci\u00f3n que se genere y a los plazos de recogida que se establezcan.<\/p>\n<p>&nbsp;<\/p>\n<h4><\/h4>\n<h4><\/h4>\n<h4><\/h4>\n<h4><\/h4>\n<h4>Planta de destrucci\u00f3n confidencial<\/h4>\n<p>La planta de destrucci\u00f3n se encuentra en un recinto cerrado con acceso restringido, en el que <strong>una c\u00e1mara registra todas las operaciones y movimientos realizados hasta la total destrucci\u00f3n<\/strong>: descarga de contenedores, apertura y alimentaci\u00f3n en la tolva, alimentaci\u00f3n de la l\u00ednea destructora, recogida de los fardos finales de material triturado seg\u00fan norma UNE 15713.<\/p>\n<p><img loading=\"lazy\" decoding=\"async\" class=\"aligncenter wp-image-390 size-full\" src=\"https:\/\/gesducon.es\/wp-content\/uploads\/2018\/07\/pantallazo-ca\u0301maras.jpg\" alt=\"\" width=\"800\" height=\"519\" srcset=\"https:\/\/gesducon.es\/wp-content\/uploads\/2018\/07\/pantallazo-ca\u0301maras.jpg 800w, https:\/\/gesducon.es\/wp-content\/uploads\/2018\/07\/pantallazo-ca\u0301maras-300x195.jpg 300w, https:\/\/gesducon.es\/wp-content\/uploads\/2018\/07\/pantallazo-ca\u0301maras-768x498.jpg 768w, https:\/\/gesducon.es\/wp-content\/uploads\/2018\/07\/pantallazo-ca\u0301maras-770x499.jpg 770w, https:\/\/gesducon.es\/wp-content\/uploads\/2018\/07\/pantallazo-ca\u0301maras-370x240.jpg 370w, https:\/\/gesducon.es\/wp-content\/uploads\/2018\/07\/pantallazo-ca\u0301maras-92x60.jpg 92w\" sizes=\"(max-width: 800px) 100vw, 800px\" \/><\/p>\n<h4>Certificado de destrucci\u00f3n confidencial<\/h4>\n<p>No todas las empresas que recogen papel est\u00e1n acreditadas para hacerlo de forma confidencial, de acuerdo a la norma\u00a0UNE 15713. Esta homologaci\u00f3n requiere de disponer de medios suficientes para garantizar la seguridad en toda la trazabilidad de los procesos. Gesducon est\u00e1 acredita para expedir el certificado de destrucci\u00f3n confidencial que sirve para justificar ante las autoridades en materia de protecci\u00f3n de datos el cumplimiento de la LPOD y el Reglamento de Protecci\u00f3n de Datos.<\/p>\n<p>El certificado que le entregaremos indica:<\/p>\n<ul>\n<li>Fecha y lugar de la destrucci\u00f3n<\/li>\n<li>Cantidad de documentaci\u00f3n destruida<\/li>\n<li>Tama\u00f1o de part\u00edcula final<\/li>\n<li>M\u00e9todo utilizado para la destrucci\u00f3n<\/li>\n<\/ul>\n","protected":false},"excerpt":{"rendered":"<p>Desde el mismo momento que se contrata un servicio con Gesducon, velamos por el estricto cumplimiento del m\u00e1ximo nivel de privacidad, seguridad, y confidencialidad. Contenedores de seguridad S\u00f3lo utilizamos contenedores de seguridad especiales que dejamos en las empresas para la custodia confidencial de los documentos hasta su recogida y destrucci\u00f3n. Estos contenedores est\u00e1n provistos de &hellip; <\/p>\n","protected":false},"author":1,"featured_media":136,"parent":0,"menu_order":0,"comment_status":"closed","ping_status":"closed","template":"","meta":{"jetpack_post_was_ever_published":false,"footnotes":""},"jetpack_sharing_enabled":false,"jetpack_shortlink":"https:\/\/wp.me\/Pa393r-2g","_links":{"self":[{"href":"https:\/\/gesducon.es\/index.php\/wp-json\/wp\/v2\/pages\/140"}],"collection":[{"href":"https:\/\/gesducon.es\/index.php\/wp-json\/wp\/v2\/pages"}],"about":[{"href":"https:\/\/gesducon.es\/index.php\/wp-json\/wp\/v2\/types\/page"}],"author":[{"embeddable":true,"href":"https:\/\/gesducon.es\/index.php\/wp-json\/wp\/v2\/users\/1"}],"replies":[{"embeddable":true,"href":"https:\/\/gesducon.es\/index.php\/wp-json\/wp\/v2\/comments?post=140"}],"version-history":[{"count":3,"href":"https:\/\/gesducon.es\/index.php\/wp-json\/wp\/v2\/pages\/140\/revisions"}],"predecessor-version":[{"id":392,"href":"https:\/\/gesducon.es\/index.php\/wp-json\/wp\/v2\/pages\/140\/revisions\/392"}],"wp:featuredmedia":[{"embeddable":true,"href":"https:\/\/gesducon.es\/index.php\/wp-json\/wp\/v2\/media\/136"}],"wp:attachment":[{"href":"https:\/\/gesducon.es\/index.php\/wp-json\/wp\/v2\/media?parent=140"}],"curies":[{"name":"wp","href":"https:\/\/api.w.org\/{rel}","templated":true}]}}